{"id":5577,"date":"2017-11-16T13:33:46","date_gmt":"2017-11-16T13:33:46","guid":{"rendered":"https:\/\/beachboutiquehotel.com\/?page_id=5577"},"modified":"2025-06-06T16:33:55","modified_gmt":"2025-06-06T13:33:55","slug":"summer-resort","status":"publish","type":"page","link":"https:\/\/beachboutiquehotel.com\/de\/","title":{"rendered":"Home"},"content":{"rendered":"<div class=\"wpb-content-wrapper\"><p>[vc_row el_class=&#8220;desktop-book-form-hoteller&#8220;][vc_column][vc_column_text css=&#8220;.vc_custom_1749212810061{padding-top: 20px !important;padding-bottom: 200px !important;padding-left: 20% !important;}&#8220;]<\/p>\n<div style=\"align-items: center; height: 100px; text-align: center;\"><iframe loading=\"lazy\" style=\"border: none; display: block; margin: 0 auto; max-width: 100%; z-index: 9999;\" src=\"https:\/\/beachboutiquehotel.reserve-online.net\/widgets\/embed\/?lang=en_GB&amp;target=_blank&amp;css=input.text%2C%20textarea%2C%20select%20%7B%20background-color%3A%20rgba(255%2C255%2C255%2C1)%3B%20color%3A%20rgba(0%2C0%2C0%2C1)%3B%20height%3A%2042px%3B%20border-radius%3A%202px%3B%20width%3A%20150px%3B%20%7D%20input.text%20%7B%20padding%3A%200%2020px%3B%20background%3A%20rgba(255%2C255%2C255%2C1)%3B%20color%3A%20rgba(0%2C0%2C0%2C1)%3B%20border-color%3A%20rgba(0%2C0%2C0%2C0.25)%3B%20font-size%3A%2013px%3B%20%7D%20label.time%20.fa%2C%20label.date%20.fa%20%7B%20display%3A%20inline-block%3B%20font-size%3A%2014px%3B%20margin-left%3A%20-1px%3B%20line-height%3A%2020px%3B%20padding%3A%2010px%2015px%3B%20border-top-right-radius%3A%202px%3B%20border-bottom-right-radius%3A%202px%3B%20vertical-align%3A%20bottom%3B%20%7D%20label.date%20.fa%20%7B%20background-color%3A%20rgba(0%2C0%2C0%2C1)%3B%20border%3A%201px%20solid%20rgba(0%2C0%2C0%2C1)%3B%20border-top-color%3A%20rgba(0%2C0%2C0%2C1)%3B%20color%3A%20%23FFF%3B%20%7D%20input.date%20%7B%20width%3A%2070%25%3B%20%7D%20button%20%7B%20min-height%3A%2042px%3B%20%7D%20.avl-form%20li%20button%20%7B%20margin%3A%2022px%200%200%200%3B%20padding%3A%2010px%2060px%3B%20font-size%3A%2014px%3B%20line-height%3A%2020px%3B%20%7D%20.avl-form%20label%20%7B%20font-size%3A%2011px%3B%20line-height%3A%2026px%3B%20font-family%3A%20'Open%20Sans'%2C%20sans-serif%3B%20letter-spacing%3A%202.5px%3B%20font-weight%3A%20400%3B%20text-transform%3A%20uppercase%3B%20%7D%20a%20%7B%20color%3A%20rgba(0%2C0%2C0%2C1)%3B%20cursor%3A%20pointer%3B%20%7D%20button.prime%20%7B%20background-color%3A%20rgba(0%2C0%2C0%2C1)%3B%20border-color%3A%20rgba(0%2C0%2C0%2C1)%3B%20color%3A%20rgba(255%2C255%2C255%2C1)%3B%20text-shadow%3A%20none%3B%20%7D%20.avl-form%20small%20%7B%20display%3A%20none%3B%20%7D%20button.prime%3Ahover%20%7B%20background-color%3A%20rgba(0%2C0%2C0%2C1)%3B%20border-color%3A%20rgba(0%2C0%2C0%2C1)%3B%20color%3A%20rgba(255%2C255%2C255%2C1)%3B%20%7D%20.avl-form%20select%20%7B%20background%3A%20rgba(255%2C255%2C255%2C1)%3B%20color%3A%20rgba(0%2C0%2C0%2C1)%3B%20border-color%3A%20rgba(0%2C0%2C0%2C0.25)%3B%20width%3A%20150px%3B%20%7D&amp;nobg\" width=\"1920\" height=\"300\"><\/iframe><\/div>\n<p>[\/vc_column_text][\/vc_column][\/vc_row][vc_row content_text_aligment=&#8220;center&#8220; el_class=&#8220;mobile-book-form-hoteller&#8220; css=&#8220;.vc_custom_1718357454975{padding-left: 20px !important;}&#8220;][vc_column][vc_column_text css=&#8220;.vc_custom_1749212937037{padding-top: 20px !important;padding-bottom: 300px !important;}&#8220;]<\/p>\n<div style=\"align-items: center; height: 100px; text-align: center;\"><iframe loading=\"lazy\" style=\"border: none; display: block; margin: 0 auto; max-width: 100%; z-index: 9999;\" src=\"https:\/\/beachboutiquehotel.reserve-online.net\/widgets\/embed\/?lang=en_GB&amp;target=_blank&amp;css=input.text%2C%20textarea%2C%20select%20%7B%20background-color%3A%20rgba(255%2C255%2C255%2C1)%3B%20color%3A%20rgba(0%2C0%2C0%2C1)%3B%20height%3A%2042px%3B%20border-radius%3A%202px%3B%20width%3A%20150px%3B%20%7D%20input.text%20%7B%20padding%3A%200%2020px%3B%20background%3A%20rgba(255%2C255%2C255%2C1)%3B%20color%3A%20rgba(0%2C0%2C0%2C1)%3B%20border-color%3A%20rgba(0%2C0%2C0%2C0.25)%3B%20font-size%3A%2013px%3B%20%7D%20label.time%20.fa%2C%20label.date%20.fa%20%7B%20display%3A%20inline-block%3B%20font-size%3A%2014px%3B%20margin-left%3A%20-1px%3B%20line-height%3A%2020px%3B%20padding%3A%2010px%2015px%3B%20border-top-right-radius%3A%202px%3B%20border-bottom-right-radius%3A%202px%3B%20vertical-align%3A%20bottom%3B%20width%3A%20300px%3B%20%7D%20label.date%20.fa%20%7B%20background-color%3A%20rgba(0%2C0%2C0%2C1)%3B%20border%3A%201px%20solid%20rgba(0%2C0%2C0%2C1)%3B%20border-top-color%3A%20rgba(0%2C0%2C0%2C1)%3B%20color%3A%20%23FFF%3B%20width%3A%20300px%3B%20%7D%20input.date%20%7B%20width%3A%2070%25%3B%20%7D%20button%20%7B%20min-height%3A%2042px%3B%20%7D%20.avl-form%20li%20button%20%7B%20margin%3A%2022px%200%200%200%3B%20padding%3A%2010px%2060px%3B%20font-size%3A%2014px%3B%20line-height%3A%2020px%3B%20%7D%20.avl-form%20label%20%7B%20font-size%3A%2011px%3B%20line-height%3A%2026px%3B%20font-family%3A%20'Open%20Sans'%2C%20sans-serif%3B%20letter-spacing%3A%202.5px%3B%20font-weight%3A%20400%3B%20text-transform%3A%20uppercase%3B%20%7D%20a%20%7B%20color%3A%20rgba(0%2C0%2C0%2C1)%3B%20cursor%3A%20pointer%3B%20%7D%20button.prime%20%7B%20background-color%3A%20rgba(0%2C0%2C0%2C1)%3B%20border-color%3A%20rgba(0%2C0%2C0%2C1)%3B%20color%3A%20rgba(255%2C255%2C255%2C1)%3B%20text-shadow%3A%20none%3B%20%7D%20.avl-form%20small%20%7B%20display%3A%20none%3B%20%7D%20button.prime%3Ahover%20%7B%20background-color%3A%20rgba(0%2C0%2C0%2C1)%3B%20border-color%3A%20rgba(0%2C0%2C0%2C1)%3B%20color%3A%20rgba(255%2C255%2C255%2C1)%3B%20%7D%20.avl-form%20select%20%7B%20background%3A%20rgba(255%2C255%2C255%2C1)%3B%20color%3A%20rgba(0%2C0%2C0%2C1)%3B%20border-color%3A%20rgba(0%2C0%2C0%2C0.25)%3B%20width%3A%20150px%3B%20%7D&amp;nobg\" width=\"1920\" height=\"300\"><\/iframe><\/div>\n<p>[\/vc_column_text][\/vc_column][\/vc_row][vc_row][vc_column offset=&#8220;vc_col-lg-5 vc_col-md-5 vc_col-xs-12&#8243; css=&#8220;.vc_custom_1512388407794{padding-right: 0px !important;padding-left: 0px !important;}&#8220;]<div class=\"eltd-elements-holder   eltd-one-column  eltd-responsive-mode-768 \" ><div class=\"eltd-eh-item   eltd-horizontal-alignment-center \"  data-item-class=\"eltd-eh-custom-2066\" data-1280-1600=\"30% 7% 0 7%\" data-1024-1280=\"28% 5% 0 8%\" data-768-1024=\"16% 4% 0 4%\" data-680-768=\"12% 20% 8% 20%\" data-680=\"22% 8% 13% 8%\">\n\t<div class=\"eltd-eh-item-inner\">\n\t\t<div class=\"eltd-eh-item-content eltd-eh-custom-2066\" style=\"padding: 19% 19% 0 19%\">\n\t\t\t<div class=\"eltd-section-title-holder eltd-separator-disabled  eltd-st-text-position-center\" style=\"text-align: center\">\n    <div class=\"eltd-section-title-inner\">\n                    <h6 class=\"eltd-st-subtitle\" >\n                <span>Beach Boutique Hotel ***<\/span>\n            <\/h6>\n                            <h4 class=\"eltd-st-title eltd-title-center\" style=\"margin-top: 20px;margin-bottom: 30px\">\n                <span class=\"eltd-st-before\">Ein ideales Boutique-Hotel<\/span>\n                <span>am kosmopolitischsten Strand von Santorini.<\/span>\n            <\/h4>\n                            <p class=\"eltd-st-text\" style=\"font-size: 15px;line-height: 29px;margin: 0 49px\">Das Beach Boutique Hotel ist ein kleines, stilvolles Hotel, das die Merkmale der kykladischen Architektur mit einfachen modernen Elementen kombiniert. Das Hotel liegt im Dorf Kamari, das nur 1 Gehminute vom schwarzen Strand entfernt ist. Zweifellos ist seine st\u00e4rkste Eigenschaft, dass es ganz in der N\u00e4he von dem Strand ist. Aufgrund seiner au\u00dfergew\u00f6hnlichen Lage am Strand bietet das Hotel eine fantastische Aussicht auf die \u00c4g\u00e4is in einer ruhigen und friedlichen Umgebung.<\/p>\n                    <\/div>\n<\/div>[vc_empty_space height=&#8220;50px&#8220;]<a itemprop=\"url\" href=\"https:\/\/beachboutiquehotel.reserve-online.net\/\" target=\"_blank\"  class=\"eltd-btn eltd-btn-medium eltd-btn-solid eltd-btn-line-left eltd-btn-animation-enabled\"  >\n    <span class=\"eltd-btn-text\">Jetzt reservieren<\/span>\n\n        \t<span class=\"eltd-btn-hover-overlay\" ><\/span>\n    \n    <\/a>\t\t<\/div>\n\t<\/div>\n<\/div><\/div>[vc_empty_space height=&#8220;40px&#8220;][\/vc_column][vc_column offset=&#8220;vc_col-lg-7 vc_col-md-7 vc_col-xs-12&#8243; css=&#8220;.vc_custom_1512388399818{padding-right: 0px !important;padding-left: 0px !important;}&#8220;]<div class=\"eltd-elements-holder   eltd-one-column  eltd-responsive-mode-768 \" ><div class=\"eltd-eh-item    \"  data-item-class=\"eltd-eh-custom-3429\">\n\t<div class=\"eltd-eh-item-inner\">\n\t\t<div class=\"eltd-eh-item-content eltd-eh-custom-3429\" >\n\t\t\t<div class=\"eltd-image-gallery  eltd-ig-slider-type eltd-no-space   eltd-custom-nav  eltd-hide-pagination\">\n\t<div class=\"eltd-ig-slider eltd-owl-slider\" data-number-of-items=\"1\" data-enable-loop=\"yes\" data-enable-autoplay=\"yes\" data-slider-speed=\"5000\" data-slider-speed-animation=\"600\" data-slider-padding=\"no\" data-enable-navigation=\"yes\" data-enable-custom-navigation=\"yes\" data-enable-pagination=\"yes\" data-slider-animate-out=\"fadeOut\">\n\t\t\t\t\t<div class=\"eltd-ig-image\">\n\t\t\t\t\t\t\t\t\t<img loading=\"lazy\" decoding=\"async\" src=\"https:\/\/beachboutiquehotel.com\/wp-content\/uploads\/2018\/02\/3-1100x960.jpg\" alt=\"\" width=\"1100\" height=\"960\" \/>\t\t\t\t\t\t\t<\/div>\n\t\t\t<\/div>\n<\/div>\t\t<\/div>\n\t<\/div>\n<\/div><\/div>[\/vc_column][\/vc_row][vc_row row_content_width=&#8220;grid&#8220; css=&#8220;.vc_custom_1518607513784{padding-top: 100px !important;padding-bottom: 100px !important;}&#8220;][vc_column]<div class=\"eltd-hrp-holder \">\n\n\n    <div class=\"eltd-hrp eltd-small-room\">\n        <div class=\"eltd-hrp-inner\">\n            <div class=\"eltd-hrp-image\">\n                <a class=\"eltd-hrp-link\" itemprop=\"url\" href=\"https:\/\/beachboutiquehotel.com\/de\/hotel-room\/standard-double\/\" title=\"Home\">\n                    <div class=\"eltd-hrp-trim\" ><\/div>\n                    <img loading=\"lazy\" decoding=\"async\" width=\"1000\" height=\"415\" src=\"https:\/\/beachboutiquehotel.com\/wp-content\/uploads\/2018\/02\/3-\u0391\u03bd\u03c4\u03af\u03b3\u03c1\u03b1\u03c6\u03bf-2.jpg\" class=\"attachment-full size-full\" alt=\"\u03a6\u03c9\u03c4\u03bf\u03b3\u03c1\u03b1\u03c6\u03b5\u03af\u03b1 \u03b1\u03c0\u03cc \u03b4\u03c9\u03bc\u03ac\u03c4\u03b9\u03bf\" srcset=\"https:\/\/beachboutiquehotel.com\/wp-content\/uploads\/2018\/02\/3-\u0391\u03bd\u03c4\u03af\u03b3\u03c1\u03b1\u03c6\u03bf-2.jpg 1000w, https:\/\/beachboutiquehotel.com\/wp-content\/uploads\/2018\/02\/3-\u0391\u03bd\u03c4\u03af\u03b3\u03c1\u03b1\u03c6\u03bf-2-300x125.jpg 300w, https:\/\/beachboutiquehotel.com\/wp-content\/uploads\/2018\/02\/3-\u0391\u03bd\u03c4\u03af\u03b3\u03c1\u03b1\u03c6\u03bf-2-768x319.jpg 768w\" sizes=\"auto, (max-width: 1000px) 100vw, 1000px\" \/>                <\/a>\n            <\/div>\n            <div class=\"eltd-hrp-text-wrapper clearfix\">\n                <h4 itemprop=\"name\" class=\"entry-title eltd-hrp-title\">\n                    <a itemprop=\"url\" href=\"https:\/\/beachboutiquehotel.com\/de\/hotel-room\/standard-double\/\">Standard-Doppelzimmer<\/a>\n                <\/h4>\n            <div class=\"eltd-hrp-price-wrapper\">\n                 <span class=\"eltd-hrp-price\">\n                    <span class=\"eltd-hrp-price-currency\">$<\/span><span><\/span>\n                <\/span>\n            <\/div>\n        <\/div>\n        <\/div>\n    <\/div>\n\n    <div class=\"eltd-hrp eltd-big-room\">\n        <div class=\"eltd-hrp-inner\">\n            <div class=\"eltd-hrp-image\">\n                <a class=\"eltd-hrp-link\" itemprop=\"url\" href=\"https:\/\/beachboutiquehotel.com\/de\/hotel-room\/double-sea-view\/\" title=\"Home\">\n                    <div class=\"eltd-hrp-trim\" ><\/div>\n                    <img loading=\"lazy\" decoding=\"async\" width=\"1000\" height=\"415\" src=\"https:\/\/beachboutiquehotel.com\/wp-content\/uploads\/2018\/02\/1-\u0391\u03bd\u03c4\u03af\u03b3\u03c1\u03b1\u03c6\u03bf-\u0391\u03bd\u03c4\u03af\u03b3\u03c1\u03b1\u03c6\u03bf.jpg\" class=\"attachment-full size-full\" alt=\"\u0398\u03ad\u03b1 \u03a0\u03b1\u03c1\u03b1\u03bb\u03af\u03b1\u03c2 \u03b1\u03c0\u03cc \u03b4\u03c9\u03bc\u03ac\u03c4\u03b9\u03bf\" srcset=\"https:\/\/beachboutiquehotel.com\/wp-content\/uploads\/2018\/02\/1-\u0391\u03bd\u03c4\u03af\u03b3\u03c1\u03b1\u03c6\u03bf-\u0391\u03bd\u03c4\u03af\u03b3\u03c1\u03b1\u03c6\u03bf.jpg 1000w, https:\/\/beachboutiquehotel.com\/wp-content\/uploads\/2018\/02\/1-\u0391\u03bd\u03c4\u03af\u03b3\u03c1\u03b1\u03c6\u03bf-\u0391\u03bd\u03c4\u03af\u03b3\u03c1\u03b1\u03c6\u03bf-300x125.jpg 300w, https:\/\/beachboutiquehotel.com\/wp-content\/uploads\/2018\/02\/1-\u0391\u03bd\u03c4\u03af\u03b3\u03c1\u03b1\u03c6\u03bf-\u0391\u03bd\u03c4\u03af\u03b3\u03c1\u03b1\u03c6\u03bf-768x319.jpg 768w\" sizes=\"auto, (max-width: 1000px) 100vw, 1000px\" \/>                <\/a>\n            <\/div>\n            <div class=\"eltd-hrp-text-wrapper clearfix\">\n                <h4 itemprop=\"name\" class=\"entry-title eltd-hrp-title\">\n                    <a itemprop=\"url\" href=\"https:\/\/beachboutiquehotel.com\/de\/hotel-room\/double-sea-view\/\">Doppelter Meerblick<\/a>\n                <\/h4>\n            <div class=\"eltd-hrp-price-wrapper\">\n                 <span class=\"eltd-hrp-price\">\n                    <span class=\"eltd-hrp-price-currency\">$<\/span><span><\/span>\n                <\/span>\n            <\/div>\n        <\/div>\n        <\/div>\n    <\/div>\n\n<\/div>\n[\/vc_column][\/vc_row][vc_row][vc_column css=&#8220;.vc_custom_1511517740774{padding-right: 0px !important;padding-left: 0px !important;}&#8220; offset=&#8220;vc_col-lg-5 vc_col-md-5 vc_col-xs-12&#8243;]<div class=\"eltd-elements-holder   eltd-one-column  eltd-responsive-mode-768 \" ><div class=\"eltd-eh-item   eltd-horizontal-alignment-center \"  data-item-class=\"eltd-eh-custom-2311\" data-1280-1600=\"28% 8% 0 8%\" data-1024-1280=\"26% 5% 0 8%\" data-768-1024=\"10% 6% 0 6%\" data-680-768=\"4% 20% 20% 20%\" data-680=\"10% 12% 25% 12%\">\n\t<div class=\"eltd-eh-item-inner\">\n\t\t<div class=\"eltd-eh-item-content eltd-eh-custom-2311\" style=\"padding: 19% 19% 0 19%\">\n\t\t\t<div class=\"eltd-section-title-holder eltd-separator-disabled  \" >\n    <div class=\"eltd-section-title-inner\">\n                    <h6 class=\"eltd-st-subtitle\" >\n                <span>Entdecken Sie Santorini<\/span>\n            <\/h6>\n                            <h4 class=\"eltd-st-title \" style=\"margin-top: 22px;margin-bottom: 30px\">\n                <span class=\"eltd-st-before\">ERFAHREN SIE SANTORINI<\/span>\n                <span>und genie\u00dfen Sie ein unvergessliches Erlebnis<\/span>\n            <\/h4>\n                            <p class=\"eltd-st-text\" style=\"font-size: 15px;line-height: 29px;margin: 0 49px\">Organisierte Touren umfassen alle wichtigen H\u00f6hepunkte von Santorini, den ber\u00fchmten Vulkan und die hei\u00dfen Quellen, die kleinen benachbarten Inseln, die Vulkanstr\u00e4nde und nat\u00fcrlich den Sonnenuntergang. Reservieren und erkunden Sie die Wunder von Santorini.<\/p>\n                    <\/div>\n<\/div>[vc_empty_space height=&#8220;28px&#8220;]<a itemprop=\"url\" href=\"https:\/\/beachboutiquehotel.com\/de\/experience\/\" target=\"_self\"  class=\"eltd-btn eltd-btn-medium eltd-btn-solid eltd-btn-line-left eltd-btn-animation-enabled\"  >\n    <span class=\"eltd-btn-text\">Weiterlesen<\/span>\n\n        \t<span class=\"eltd-btn-hover-overlay\" ><\/span>\n    \n    <\/a>\t\t<\/div>\n\t<\/div>\n<\/div><\/div>[\/vc_column][vc_column css=&#8220;.vc_custom_1511517730283{padding-right: 0px !important;padding-left: 0px !important;}&#8220; offset=&#8220;vc_col-lg-7 vc_col-md-7 vc_col-xs-12&#8243;]<div class=\"eltd-elements-holder   eltd-one-column  eltd-responsive-mode-768 \" ><div class=\"eltd-eh-item    \"  data-item-class=\"eltd-eh-custom-8159\">\n\t<div class=\"eltd-eh-item-inner\">\n\t\t<div class=\"eltd-eh-item-content eltd-eh-custom-8159\" >\n\t\t\t<div class=\"eltd-image-gallery  eltd-ig-slider-type eltd-no-space  eltd-image-behavior-custom-link eltd-custom-nav  eltd-hide-pagination\">\n\t<div class=\"eltd-ig-slider eltd-owl-slider\" data-number-of-items=\"1\" data-enable-loop=\"yes\" data-enable-autoplay=\"yes\" data-slider-speed=\"5000\" data-slider-speed-animation=\"600\" data-slider-padding=\"no\" data-enable-navigation=\"yes\" data-enable-custom-navigation=\"yes\" data-enable-pagination=\"yes\" data-slider-animate-out=\"fadeOut\">\n\t\t\t\t\t<div class=\"eltd-ig-image\">\n\t\t\t\t\t\t\t\t\t<a itemprop=\"url\" class=\"eltd-ig-custom-link eltd-block-drag-link\" href=\"https:\/\/beachboutiquehotel.com\/experience\/\" target=\"_self\" title=\"shutterstock_488952796\">\n\t\t\t\t\t\t\t\t\t<img loading=\"lazy\" decoding=\"async\" src=\"https:\/\/beachboutiquehotel.com\/wp-content\/uploads\/2018\/02\/shutterstock_488952796-1100x960.jpg\" alt=\"\u03a6\u03c9\u03c4\u03bf\u03b3\u03c1\u03b1\u03c6\u03b5\u03af\u03b1 \u03a3\u03b1\u03bd\u03c4\u03bf\u03c1\u03af\u03bd\u03b7\u03c2\" width=\"1100\" height=\"960\" \/>\t\t\t\t\t\t\t\t\t<\/a>\n\t\t\t\t\t\t\t<\/div>\n\t\t\t<\/div>\n<\/div>\t\t<\/div>\n\t<\/div>\n<\/div><\/div>[\/vc_column][\/vc_row][vc_row content_text_aligment=&#8220;center&#8220;][vc_column offset=&#8220;vc_col-lg-5 vc_col-md-5 vc_col-xs-12&#8243; css=&#8220;.vc_custom_1512989017095{padding-right: 0px !important;padding-left: 0px !important;}&#8220;]<div class=\"eltd-elements-holder   eltd-one-column  eltd-responsive-mode-768 \" ><div class=\"eltd-eh-item    \"  data-item-class=\"eltd-eh-custom-3301\">\n\t<div class=\"eltd-eh-item-inner\">\n\t\t<div class=\"eltd-eh-item-content eltd-eh-custom-3301\" >\n\t\t\t<div class=\"eltd-image-gallery  eltd-ig-slider-type eltd-no-space   eltd-custom-nav  eltd-hide-pagination\">\n\t<div class=\"eltd-ig-slider eltd-owl-slider\" data-number-of-items=\"1\" data-enable-loop=\"yes\" data-enable-autoplay=\"yes\" data-slider-speed=\"5000\" data-slider-speed-animation=\"600\" data-slider-padding=\"no\" data-enable-navigation=\"yes\" data-enable-custom-navigation=\"yes\" data-enable-pagination=\"yes\" data-slider-animate-out=\"fadeOut\">\n\t\t\t\t\t<div class=\"eltd-ig-image\">\n\t\t\t\t\t\t\t\t\t<img loading=\"lazy\" decoding=\"async\" src=\"https:\/\/beachboutiquehotel.com\/wp-content\/uploads\/2018\/02\/shutterstock_471439847-1100x960.jpg\" alt=\"\" width=\"1100\" height=\"960\" \/>\t\t\t\t\t\t\t<\/div>\n\t\t\t<\/div>\n<\/div>\t\t<\/div>\n\t<\/div>\n<\/div><\/div>[\/vc_column][vc_column offset=&#8220;vc_col-lg-7 vc_col-md-7 vc_col-xs-12&#8243; css=&#8220;.vc_custom_1512722929648{padding-right: 0px !important;padding-left: 0px !important;}&#8220;]<div class=\"eltd-elements-holder   eltd-one-column  eltd-responsive-mode-768 \" ><div class=\"eltd-eh-item   eltd-horizontal-alignment-center \"  data-item-class=\"eltd-eh-custom-3645\" data-1280-1600=\"28% 8% 0 8%\" data-1024-1280=\"26% 5% 0 8%\" data-768-1024=\"10% 6% 0 6%\" data-680-768=\"4% 20% 20% 20%\" data-680=\"10% 12% 25% 12%\">\n\t<div class=\"eltd-eh-item-inner\">\n\t\t<div class=\"eltd-eh-item-content eltd-eh-custom-3645\" style=\"padding: 16% 19% 0 19%\">\n\t\t\t<div class=\"eltd-section-title-holder eltd-separator-disabled  \" >\n    <div class=\"eltd-section-title-inner\">\n                    <h4 class=\"eltd-st-subtitle\" >\n                <span>DIE SPA-ERFAHRUNG<\/span>\n            <\/h4>\n                                    <p class=\"eltd-st-text\" style=\"font-size: 15px;line-height: 29px;margin: 0 49px\">Reservieren Sie ein Spa-Termin und genie\u00dfen Sie die entspannendsten Momente Ihres Urlaubs in Santorini. Unser Schwesterhotel, La Mer Deluxe Spa, bietet Ihnen alles, was Sie f\u00fcr ein fantastisches Verj\u00fcngungserlebnis ben\u00f6tigen.<\/p>\n                    <\/div>\n<\/div>[vc_empty_space height=&#8220;28px&#8220;]<a itemprop=\"url\" href=\"https:\/\/beachboutiquehotel.com\/de\/recreation\/\" target=\"_self\"  class=\"eltd-btn eltd-btn-medium eltd-btn-solid eltd-btn-line-left eltd-btn-animation-enabled\"  >\n    <span class=\"eltd-btn-text\">Weiterlesen<\/span>\n\n        \t<span class=\"eltd-btn-hover-overlay\" ><\/span>\n    \n    <\/a>\t\t<\/div>\n\t<\/div>\n<\/div><\/div>[\/vc_column][\/vc_row][vc_row][vc_column css=&#8220;.vc_custom_1511524198563{padding-right: 0px !important;padding-left: 0px !important;}&#8220; offset=&#8220;vc_col-lg-5 vc_col-md-12 vc_col-xs-12&#8243;]<div class=\"eltd-elements-holder   eltd-one-column  eltd-responsive-mode-768 \" ><div class=\"eltd-eh-item   eltd-horizontal-alignment-center \"  data-item-class=\"eltd-eh-custom-3116\" data-1280-1600=\"28% 8% 0 8%\" data-1024-1280=\"26% 5% 0 8%\" data-768-1024=\"10% 6% 0 6%\" data-680-768=\"4% 20% 20% 20%\" data-680=\"10% 12% 25% 12%\">\n\t<div class=\"eltd-eh-item-inner\">\n\t\t<div class=\"eltd-eh-item-content eltd-eh-custom-3116\" style=\"padding: 19% 19% 0 19%\">\n\t\t\t<div class=\"eltd-section-title-holder eltd-separator-disabled  \" >\n    <div class=\"eltd-section-title-inner\">\n                    <h6 class=\"eltd-st-subtitle\" >\n                <span>BEACH BOUTIQUE HOTEL ***<\/span>\n            <\/h6>\n                            <h4 class=\"eltd-st-title \" >\n                <span class=\"eltd-st-before\">Beach Boutique Hotel<\/span>\n                <span>Einrichtungen des<\/span>\n            <\/h4>\n                            <p class=\"eltd-st-text\" style=\"font-size: 15px;line-height: 29px;margin: 0 49px\">Das Hotel verf\u00fcgt \u00fcber einen Au\u00dfenpool, der von einer gro\u00dfen Sonnenterrasse umgeben ist und mit Liegest\u00fchlen und Sonnenschirmen ausgestattet ist. Dar\u00fcber hinaus werden Poolbar Cocktails und Snacks serviert, w\u00e4hrend sich das A La Carte Restaurant mit mediterraner K\u00fcche direkt am Strand befindet.<\/p>\n                    <\/div>\n<\/div>[vc_empty_space height=&#8220;28px&#8220;]\t\t<\/div>\n\t<\/div>\n<\/div><\/div>[\/vc_column][vc_column css=&#8220;.vc_custom_1511524205865{padding-right: 0px !important;padding-left: 0px !important;}&#8220; offset=&#8220;vc_col-lg-7 vc_col-md-12 vc_col-xs-12&#8243;]<div class=\"eltd-elements-holder   eltd-one-column  eltd-responsive-mode-768 \" ><div class=\"eltd-eh-item   eltd-horizontal-alignment-right \"  data-item-class=\"eltd-eh-custom-4753\" data-1280-1600=\"71.9% 0 71.9%\" data-1024-1280=\"79.5% 0\" data-768-1024=\"25% 0\" data-680-768=\"38% 0 38% 0\">\n\t<div class=\"eltd-eh-item-inner\">\n\t\t<div class=\"eltd-eh-item-content eltd-eh-custom-4753\" >\n\t\t\t<div class=\"eltd-image-gallery  eltd-ig-slider-type eltd-no-space   eltd-custom-nav  eltd-hide-pagination\">\n\t<div class=\"eltd-ig-slider eltd-owl-slider\" data-number-of-items=\"1\" data-enable-loop=\"yes\" data-enable-autoplay=\"yes\" data-slider-speed=\"5000\" data-slider-speed-animation=\"600\" data-slider-padding=\"no\" data-enable-navigation=\"yes\" data-enable-custom-navigation=\"yes\" data-enable-pagination=\"yes\" data-slider-animate-out=\"fadeOut\">\n\t\t\t\t\t<div class=\"eltd-ig-image\">\n\t\t\t\t\t\t\t\t\t<img loading=\"lazy\" decoding=\"async\" src=\"https:\/\/beachboutiquehotel.com\/wp-content\/uploads\/2018\/02\/shutterstock_394904206-1000x500.jpg\" alt=\"\" width=\"1000\" height=\"500\" \/>\t\t\t\t\t\t\t<\/div>\n\t\t\t<\/div>\n<\/div>\t\t<\/div>\n\t<\/div>\n<\/div><\/div>[\/vc_column][\/vc_row]<\/p>\n<\/div>","protected":false},"excerpt":{"rendered":"<p>[vc_row el_class=&#8220;desktop-book-form-hoteller&#8220;][vc_column][vc_column_text css=&#8220;.vc_custom_1749212810061{padding-top: 20px !important;padding-bottom: 200px !important;padding-left: 20% !important;}&#8220;] [\/vc_column_text][\/vc_column][\/vc_row][vc_row content_text_aligment=&#8220;center&#8220; el_class=&#8220;mobile-book-form-hoteller&#8220; css=&#8220;.vc_custom_1718357454975{padding-left: 20px !important;}&#8220;][vc_column][vc_column_text css=&#8220;.vc_custom_1749212937037{padding-top: 20px !important;padding-bottom: 300px [&hellip;]<\/p>\n","protected":false},"author":7,"featured_media":0,"parent":0,"menu_order":0,"comment_status":"closed","ping_status":"closed","template":"full-width.php","meta":{"footnotes":""},"class_list":["post-5577","page","type-page","status-publish","hentry"],"_links":{"self":[{"href":"https:\/\/beachboutiquehotel.com\/de\/wp-json\/wp\/v2\/pages\/5577","targetHints":{"allow":["GET"]}}],"collection":[{"href":"https:\/\/beachboutiquehotel.com\/de\/wp-json\/wp\/v2\/pages"}],"about":[{"href":"https:\/\/beachboutiquehotel.com\/de\/wp-json\/wp\/v2\/types\/page"}],"author":[{"embeddable":true,"href":"https:\/\/beachboutiquehotel.com\/de\/wp-json\/wp\/v2\/users\/7"}],"replies":[{"embeddable":true,"href":"https:\/\/beachboutiquehotel.com\/de\/wp-json\/wp\/v2\/comments?post=5577"}],"version-history":[{"count":14,"href":"https:\/\/beachboutiquehotel.com\/de\/wp-json\/wp\/v2\/pages\/5577\/revisions"}],"predecessor-version":[{"id":6966,"href":"https:\/\/beachboutiquehotel.com\/de\/wp-json\/wp\/v2\/pages\/5577\/revisions\/6966"}],"wp:attachment":[{"href":"https:\/\/beachboutiquehotel.com\/de\/wp-json\/wp\/v2\/media?parent=5577"}],"curies":[{"name":"wp","href":"https:\/\/api.w.org\/{rel}","templated":true}]}}